{"id":43,"date":"2025-09-19T00:26:32","date_gmt":"2025-09-18T22:26:32","guid":{"rendered":"https:\/\/pozbad.dkonto.pl\/?page_id=43"},"modified":"2025-09-19T01:00:50","modified_gmt":"2025-09-18T23:00:50","slug":"elementor-43","status":"publish","type":"page","link":"https:\/\/pozbad.dkonto.pl\/","title":{"rendered":"Strona G\u0142\u00f3wna"},"content":{"rendered":"\t\t<div data-elementor-type=\"wp-page\" data-elementor-id=\"43\" class=\"elementor elementor-43\">\n\t\t\t\t<div class=\"elementor-element elementor-element-aa2b52b e-flex e-con-boxed e-con e-parent\" data-id=\"aa2b52b\" data-element_type=\"container\">\n\t\t\t\t\t<div class=\"e-con-inner\">\n\t\t\t\t<div class=\"elementor-element elementor-element-82bd883 elementor-widget elementor-widget-image\" data-id=\"82bd883\" data-element_type=\"widget\" data-widget_type=\"image.default\">\n\t\t\t\t\t\t\t\t\t\t\t\t\t\t\t<img fetchpriority=\"high\" decoding=\"async\" width=\"900\" height=\"600\" src=\"https:\/\/pozbad.dkonto.pl\/wp-content\/uploads\/2025\/09\/ChatGPT-Image-17.09.2025-o-12_40_04-1024x683.png\" class=\"attachment-large size-large wp-image-18\" alt=\"\" srcset=\"https:\/\/pozbad.dkonto.pl\/wp-content\/uploads\/2025\/09\/ChatGPT-Image-17.09.2025-o-12_40_04-1024x683.png 1024w, https:\/\/pozbad.dkonto.pl\/wp-content\/uploads\/2025\/09\/ChatGPT-Image-17.09.2025-o-12_40_04-300x200.png 300w, https:\/\/pozbad.dkonto.pl\/wp-content\/uploads\/2025\/09\/ChatGPT-Image-17.09.2025-o-12_40_04-768x512.png 768w, https:\/\/pozbad.dkonto.pl\/wp-content\/uploads\/2025\/09\/ChatGPT-Image-17.09.2025-o-12_40_04.png 1536w\" sizes=\"(max-width: 900px) 100vw, 900px\" \/>\t\t\t\t\t\t\t\t\t\t\t\t\t\t\t<\/div>\n\t\t\t\t<div class=\"elementor-element elementor-element-8398ddf elementor-widget__width-initial elementor-absolute elementor-widget elementor-widget-heading\" data-id=\"8398ddf\" data-element_type=\"widget\" data-settings=\"{&quot;_position&quot;:&quot;absolute&quot;}\" data-widget_type=\"heading.default\">\n\t\t\t\t\t<h1 class=\"elementor-heading-title elementor-size-default\">Witaj na Stronie G\u0142\u00f3wnej \nPomorskiego Okr\u0119gowego Zwi\u0105zku Badmintona<\/h1>\t\t\t\t<\/div>\n\t\t\t\t\t<\/div>\n\t\t\t\t<\/div>\n\t\t\t\t<\/div>\n\t\t","protected":false},"excerpt":{"rendered":"<p>Witaj na Stronie G\u0142\u00f3wnej Pomorskiego Okr\u0119gowego Zwi\u0105zku Badmintona<\/p>\n","protected":false},"author":1,"featured_media":0,"parent":0,"menu_order":0,"comment_status":"closed","ping_status":"closed","template":"","meta":{"footnotes":""},"class_list":["post-43","page","type-page","status-publish"],"_links":{"self":[{"href":"https:\/\/pozbad.dkonto.pl\/index.php\/wp-json\/wp\/v2\/pages\/43","targetHints":{"allow":["GET"]}}],"collection":[{"href":"https:\/\/pozbad.dkonto.pl\/index.php\/wp-json\/wp\/v2\/pages"}],"about":[{"href":"https:\/\/pozbad.dkonto.pl\/index.php\/wp-json\/wp\/v2\/types\/page"}],"author":[{"embeddable":true,"href":"https:\/\/pozbad.dkonto.pl\/index.php\/wp-json\/wp\/v2\/users\/1"}],"replies":[{"embeddable":true,"href":"https:\/\/pozbad.dkonto.pl\/index.php\/wp-json\/wp\/v2\/comments?post=43"}],"version-history":[{"count":11,"href":"https:\/\/pozbad.dkonto.pl\/index.php\/wp-json\/wp\/v2\/pages\/43\/revisions"}],"predecessor-version":[{"id":67,"href":"https:\/\/pozbad.dkonto.pl\/index.php\/wp-json\/wp\/v2\/pages\/43\/revisions\/67"}],"wp:attachment":[{"href":"https:\/\/pozbad.dkonto.pl\/index.php\/wp-json\/wp\/v2\/media?parent=43"}],"curies":[{"name":"wp","href":"https:\/\/api.w.org\/{rel}","templated":true}]}}